{"id":2833,"date":"2025-03-14T14:56:10","date_gmt":"2025-03-14T12:56:10","guid":{"rendered":"https:\/\/www.peris.es\/?page_id=2833"},"modified":"2025-03-14T14:56:11","modified_gmt":"2025-03-14T12:56:11","slug":"all-risks-insurance-with-exclusive-excess-for-cabify-collaborating-partners-peris-correduria-de-seguros","status":"publish","type":"page","link":"https:\/\/www.peris.es\/en\/solutions\/all-risks-insurance-with-exclusive-excess-for-cabify-collaborating-partners-peris-correduria-de-seguros\/","title":{"rendered":"All Risks Insurance with Exclusive Excess for Cabify Collaborating Partners | Peris Corredur\u00eda de Seguros"},"content":{"rendered":"\t\t<div data-elementor-type=\"wp-page\" data-elementor-id=\"2833\" class=\"elementor elementor-2833 elementor-2832\" data-elementor-post-type=\"page\">\n\t\t\t\t\t\t<section class=\"elementor-section elementor-top-section elementor-element elementor-element-4127d6b elementor-section-height-min-height elementor-section-content-middle elementor-section-boxed elementor-section-height-default elementor-section-items-middle\" data-id=\"4127d6b\" data-element_type=\"section\" data-e-type=\"section\" data-settings=\"{&quot;background_background&quot;:&quot;classic&quot;}\">\n\t\t\t\t\t\t\t<div class=\"elementor-background-overlay\"><\/div>\n\t\t\t\t\t\t\t<div class=\"elementor-container elementor-column-gap-default\">\n\t\t\t\t\t<div class=\"elementor-column elementor-col-100 elementor-top-column elementor-element elementor-element-4ab47ae\" data-id=\"4ab47ae\" data-element_type=\"column\" data-e-type=\"column\">\n\t\t\t<div class=\"elementor-widget-wrap elementor-element-populated\">\n\t\t\t\t\t\t<div class=\"elementor-element elementor-element-37929dc elementor-widget elementor-widget-image\" data-id=\"37929dc\" data-element_type=\"widget\" data-e-type=\"widget\" data-widget_type=\"image.default\">\n\t\t\t\t<div class=\"elementor-widget-container\">\n\t\t\t\t\t\t\t\t\t\t\t\t\t\t\t<img fetchpriority=\"high\" decoding=\"async\" width=\"1000\" height=\"1000\" src=\"https:\/\/www.peris.es\/wp-content\/uploads\/2025\/02\/Logo-PerisCabify_Aplicacion-oscura.png\" class=\"attachment-full size-full wp-image-2812\" alt=\"\" srcset=\"https:\/\/www.peris.es\/wp-content\/uploads\/2025\/02\/Logo-PerisCabify_Aplicacion-oscura.png 1000w, https:\/\/www.peris.es\/wp-content\/uploads\/2025\/02\/Logo-PerisCabify_Aplicacion-oscura-300x300.png 300w, https:\/\/www.peris.es\/wp-content\/uploads\/2025\/02\/Logo-PerisCabify_Aplicacion-oscura-150x150.png 150w, https:\/\/www.peris.es\/wp-content\/uploads\/2025\/02\/Logo-PerisCabify_Aplicacion-oscura-768x768.png 768w\" sizes=\"(max-width: 1000px) 100vw, 1000px\" \/>\t\t\t\t\t\t\t\t\t\t\t\t\t\t\t<\/div>\n\t\t\t\t<\/div>\n\t\t\t\t\t<\/div>\n\t\t<\/div>\n\t\t\t\t\t<\/div>\n\t\t<\/section>\n\t\t\t\t<section class=\"elementor-section elementor-top-section elementor-element elementor-element-fdf2ed9 elementor-section-boxed elementor-section-height-default elementor-section-height-default\" data-id=\"fdf2ed9\" data-element_type=\"section\" data-e-type=\"section\">\n\t\t\t\t\t\t<div class=\"elementor-container elementor-column-gap-default\">\n\t\t\t\t\t<div class=\"elementor-column elementor-col-100 elementor-top-column elementor-element elementor-element-9cd8a7b\" data-id=\"9cd8a7b\" data-element_type=\"column\" data-e-type=\"column\" data-settings=\"{&quot;background_background&quot;:&quot;classic&quot;}\">\n\t\t\t<div class=\"elementor-widget-wrap elementor-element-populated\">\n\t\t\t\t\t\t<div class=\"elementor-element elementor-element-26a6a48 elementor-widget elementor-widget-heading\" data-id=\"26a6a48\" data-element_type=\"widget\" data-e-type=\"widget\" data-widget_type=\"heading.default\">\n\t\t\t\t<div class=\"elementor-widget-container\">\n\t\t\t\t\t<h1 class=\"elementor-heading-title elementor-size-default\">Cabify Partner Insurance<\/h1>\t\t\t\t<\/div>\n\t\t\t\t<\/div>\n\t\t\t\t<div class=\"elementor-element elementor-element-77a1a79 elementor-widget elementor-widget-text-editor\" data-id=\"77a1a79\" data-element_type=\"widget\" data-e-type=\"widget\" data-widget_type=\"text-editor.default\">\n\t\t\t\t<div class=\"elementor-widget-container\">\n\t\t\t\t\t\t\t\t\t<h5 style=\"text-align: center;\">An exclusive offer for policyholders with less than 10 policies in force and declared driver.<\/h5>\n\t\t\t\t\t\t\t\t<\/div>\n\t\t\t\t<\/div>\n\t\t\t\t<div class=\"elementor-element elementor-element-6377761 elementor-align-center elementor-widget elementor-widget-button\" data-id=\"6377761\" data-element_type=\"widget\" data-e-type=\"widget\" data-widget_type=\"button.default\">\n\t\t\t\t<div class=\"elementor-widget-container\">\n\t\t\t\t\t\t\t\t\t<div class=\"elementor-button-wrapper\">\n\t\t\t\t\t<a class=\"elementor-button elementor-button-link elementor-size-sm\" href=\"https:\/\/periscloud.net\/tarificador?query=Z%2froPvqTw8ynzKyCM43AoYusuuKZVmmwqgauCOlHeso4nfOtdGSo00LEDcXVl2z%2by1UPp%2buwONhifh1WNovSegn4t8F%2bROGo3VX3my4bobLXI1Gh0%2fJ9pxDnAICCxwDY9rM5OCbt0qwMiJFIstmvEIC0%2fWuPK8Z%2b%2bsr8wDY3tPnE7s07jugP%2bJpdpVjqFNEi41jK9A3VvOVb%2fZmaTmeZgw%3d%3d\" target=\"_blank\">\n\t\t\t\t\t\t<span class=\"elementor-button-content-wrapper\">\n\t\t\t\t\t\t\t\t\t<span class=\"elementor-button-text\">Calculate your insurance now<\/span>\n\t\t\t\t\t<\/span>\n\t\t\t\t\t<\/a>\n\t\t\t\t<\/div>\n\t\t\t\t\t\t\t\t<\/div>\n\t\t\t\t<\/div>\n\t\t\t\t\t<\/div>\n\t\t<\/div>\n\t\t\t\t\t<\/div>\n\t\t<\/section>\n\t\t\t\t<section class=\"elementor-section elementor-top-section elementor-element elementor-element-2c6cb2e elementor-section-boxed elementor-section-height-default elementor-section-height-default\" data-id=\"2c6cb2e\" data-element_type=\"section\" data-e-type=\"section\" data-settings=\"{&quot;background_background&quot;:&quot;classic&quot;}\">\n\t\t\t\t\t\t<div class=\"elementor-container elementor-column-gap-default\">\n\t\t\t\t\t<div class=\"elementor-column elementor-col-50 elementor-top-column elementor-element elementor-element-8fa63d1\" data-id=\"8fa63d1\" data-element_type=\"column\" data-e-type=\"column\">\n\t\t\t<div class=\"elementor-widget-wrap\">\n\t\t\t\t\t\t\t<\/div>\n\t\t<\/div>\n\t\t\t\t<div class=\"elementor-column elementor-col-50 elementor-top-column elementor-element elementor-element-e329de8\" data-id=\"e329de8\" data-element_type=\"column\" data-e-type=\"column\">\n\t\t\t<div class=\"elementor-widget-wrap elementor-element-populated\">\n\t\t\t\t\t\t<div class=\"elementor-element elementor-element-cbaa334 elementor-widget__width-initial elementor-hidden-mobile elementor-invisible elementor-widget elementor-widget-spacer\" data-id=\"cbaa334\" data-element_type=\"widget\" data-e-type=\"widget\" data-settings=\"{&quot;_animation&quot;:&quot;slideInRight&quot;}\" data-widget_type=\"spacer.default\">\n\t\t\t\t<div class=\"elementor-widget-container\">\n\t\t\t\t\t\t\t<div class=\"elementor-spacer\">\n\t\t\t<div class=\"elementor-spacer-inner\"><\/div>\n\t\t<\/div>\n\t\t\t\t\t\t<\/div>\n\t\t\t\t<\/div>\n\t\t\t\t\t<\/div>\n\t\t<\/div>\n\t\t\t\t\t<\/div>\n\t\t<\/section>\n\t\t\t\t<section class=\"elementor-section elementor-top-section elementor-element elementor-element-da8575d elementor-section-boxed elementor-section-height-default elementor-section-height-default\" data-id=\"da8575d\" data-element_type=\"section\" data-e-type=\"section\" data-settings=\"{&quot;background_background&quot;:&quot;classic&quot;}\">\n\t\t\t\t\t\t<div class=\"elementor-container elementor-column-gap-default\">\n\t\t\t\t\t<div class=\"elementor-column elementor-col-100 elementor-top-column elementor-element elementor-element-4d69ba9\" data-id=\"4d69ba9\" data-element_type=\"column\" data-e-type=\"column\">\n\t\t\t<div class=\"elementor-widget-wrap elementor-element-populated\">\n\t\t\t\t\t\t<div class=\"elementor-element elementor-element-c39a48a elementor-widget elementor-widget-heading\" data-id=\"c39a48a\" data-element_type=\"widget\" data-e-type=\"widget\" data-widget_type=\"heading.default\">\n\t\t\t\t<div class=\"elementor-widget-container\">\n\t\t\t\t\t<h3 class=\"elementor-heading-title elementor-size-default\">Comprehensive Insurance for Cabify Collaborating Partners<\/h3>\t\t\t\t<\/div>\n\t\t\t\t<\/div>\n\t\t\t\t<div class=\"elementor-element elementor-element-73442bf elementor-widget elementor-widget-text-editor\" data-id=\"73442bf\" data-element_type=\"widget\" data-e-type=\"widget\" data-widget_type=\"text-editor.default\">\n\t\t\t\t<div class=\"elementor-widget-container\">\n\t\t\t\t\t\t\t\t\t<h5 style=\"text-align: center;\">Fully Comprehensive Insurance with Excess with the support of Mutua for Cabify Collaborating Partners.<\/h5>\n\t\t\t\t\t\t\t\t<\/div>\n\t\t\t\t<\/div>\n\t\t\t\t<div class=\"elementor-element elementor-element-9af9a74 elementor-widget elementor-widget-heading\" data-id=\"9af9a74\" data-element_type=\"widget\" data-e-type=\"widget\" data-widget_type=\"heading.default\">\n\t\t\t\t<div class=\"elementor-widget-container\">\n\t\t\t\t\t<h2 class=\"elementor-heading-title elementor-size-default\">From 2.752 \u20ac per year!<\/h2>\t\t\t\t<\/div>\n\t\t\t\t<\/div>\n\t\t\t\t<div class=\"elementor-element elementor-element-7b25553 elementor-widget elementor-widget-text-editor\" data-id=\"7b25553\" data-element_type=\"widget\" data-e-type=\"widget\" data-widget_type=\"text-editor.default\">\n\t\t\t\t<div class=\"elementor-widget-container\">\n\t\t\t\t\t\t\t\t\t<p style=\"text-align: left;\">At <strong data-start=\"166\" data-end=\"197\">Peris Corredur\u00eda de Seguros<\/strong>, in collaboration with <strong data-start=\"219\" data-end=\"247\">Cabify and Mutua Madrile\u00f1a<\/strong>, we have designed a <strong data-start=\"267\" data-end=\"347\">comprehensive insurance with excess exclusively for professional drivers<\/strong>. With a competitive rate and coverage adapted to your daily activity, this insurance offers you the protection you need without compromising your profitability. <\/p>\n\t\t\t\t\t\t\t\t<\/div>\n\t\t\t\t<\/div>\n\t\t\t\t<div class=\"elementor-element elementor-element-cb86a5e elementor-widget elementor-widget-toggle\" data-id=\"cb86a5e\" data-element_type=\"widget\" data-e-type=\"widget\" data-widget_type=\"toggle.default\">\n\t\t\t\t<div class=\"elementor-widget-container\">\n\t\t\t\t\t\t\t<div class=\"elementor-toggle\">\n\t\t\t\t\t\t\t<div class=\"elementor-toggle-item\">\n\t\t\t\t\t<div id=\"elementor-tab-title-2131\" class=\"elementor-tab-title\" data-tab=\"1\" role=\"button\" aria-controls=\"elementor-tab-content-2131\" aria-expanded=\"false\">\n\t\t\t\t\t\t\t\t\t\t\t\t<span class=\"elementor-toggle-icon elementor-toggle-icon-left\" aria-hidden=\"true\">\n\t\t\t\t\t\t\t\t\t\t\t\t\t\t\t<span class=\"elementor-toggle-icon-closed\"><i class=\"fas fa-caret-right\"><\/i><\/span>\n\t\t\t\t\t\t\t\t<span class=\"elementor-toggle-icon-opened\"><i class=\"elementor-toggle-icon-opened fas fa-caret-up\"><\/i><\/span>\n\t\t\t\t\t\t\t\t\t\t\t\t\t<\/span>\n\t\t\t\t\t\t\t\t\t\t\t\t<a class=\"elementor-toggle-title\" tabindex=\"0\">Who is this insurance for?<\/a>\n\t\t\t\t\t<\/div>\n\n\t\t\t\t\t<div id=\"elementor-tab-content-2131\" class=\"elementor-tab-content elementor-clearfix\" data-tab=\"1\" role=\"region\" aria-labelledby=\"elementor-tab-title-2131\"><ul>\n<li>Exclusively for Cabify partner riders.<\/li>\n<li>Obligation to declare the driver in the policy.<\/li>\n<li>Drivers over 24 years of age and with more than 2 years of driving experience.<\/li>\n<\/ul>\n<\/div>\n\t\t\t\t<\/div>\n\t\t\t\t\t\t\t\t<\/div>\n\t\t\t\t\t\t<\/div>\n\t\t\t\t<\/div>\n\t\t\t\t<div class=\"elementor-element elementor-element-0e7d7c0 elementor-widget elementor-widget-toggle\" data-id=\"0e7d7c0\" data-element_type=\"widget\" data-e-type=\"widget\" data-widget_type=\"toggle.default\">\n\t\t\t\t<div class=\"elementor-widget-container\">\n\t\t\t\t\t\t\t<div class=\"elementor-toggle\">\n\t\t\t\t\t\t\t<div class=\"elementor-toggle-item\">\n\t\t\t\t\t<div id=\"elementor-tab-title-1511\" class=\"elementor-tab-title\" data-tab=\"1\" role=\"button\" aria-controls=\"elementor-tab-content-1511\" aria-expanded=\"false\">\n\t\t\t\t\t\t\t\t\t\t\t\t<span class=\"elementor-toggle-icon elementor-toggle-icon-left\" aria-hidden=\"true\">\n\t\t\t\t\t\t\t\t\t\t\t\t\t\t\t<span class=\"elementor-toggle-icon-closed\"><i class=\"fas fa-caret-right\"><\/i><\/span>\n\t\t\t\t\t\t\t\t<span class=\"elementor-toggle-icon-opened\"><i class=\"elementor-toggle-icon-opened fas fa-caret-up\"><\/i><\/span>\n\t\t\t\t\t\t\t\t\t\t\t\t\t<\/span>\n\t\t\t\t\t\t\t\t\t\t\t\t<a class=\"elementor-toggle-title\" tabindex=\"0\">What vehicles are covered by this insurance?<\/a>\n\t\t\t\t\t<\/div>\n\n\t\t\t\t\t<div id=\"elementor-tab-content-1511\" class=\"elementor-tab-content elementor-clearfix\" data-tab=\"1\" role=\"region\" aria-labelledby=\"elementor-tab-title-1511\"><p>The Peris All Risks with Excess insurance with Mutua covers the following vehicles:<\/p>\n<ul>\n<li>Cars and minivans up to 9 seats.<\/li>\n<li>Vans up to 3.5 TN.<\/li>\n<li>Value less than 75.000\u20ac.<\/li>\n<li>Limited to a maximum of 10 vehicles per policyholder.<\/li>\n<\/ul>\n<\/div>\n\t\t\t\t<\/div>\n\t\t\t\t\t\t\t\t<\/div>\n\t\t\t\t\t\t<\/div>\n\t\t\t\t<\/div>\n\t\t\t\t<div class=\"elementor-element elementor-element-98bedd5 elementor-widget elementor-widget-toggle\" data-id=\"98bedd5\" data-element_type=\"widget\" data-e-type=\"widget\" data-widget_type=\"toggle.default\">\n\t\t\t\t<div class=\"elementor-widget-container\">\n\t\t\t\t\t\t\t<div class=\"elementor-toggle\">\n\t\t\t\t\t\t\t<div class=\"elementor-toggle-item\">\n\t\t\t\t\t<div id=\"elementor-tab-title-1601\" class=\"elementor-tab-title\" data-tab=\"1\" role=\"button\" aria-controls=\"elementor-tab-content-1601\" aria-expanded=\"false\">\n\t\t\t\t\t\t\t\t\t\t\t\t<span class=\"elementor-toggle-icon elementor-toggle-icon-left\" aria-hidden=\"true\">\n\t\t\t\t\t\t\t\t\t\t\t\t\t\t\t<span class=\"elementor-toggle-icon-closed\"><i class=\"fas fa-caret-right\"><\/i><\/span>\n\t\t\t\t\t\t\t\t<span class=\"elementor-toggle-icon-opened\"><i class=\"elementor-toggle-icon-opened fas fa-caret-up\"><\/i><\/span>\n\t\t\t\t\t\t\t\t\t\t\t\t\t<\/span>\n\t\t\t\t\t\t\t\t\t\t\t\t<a class=\"elementor-toggle-title\" tabindex=\"0\">What coverage does this insurance have?<\/a>\n\t\t\t\t\t<\/div>\n\n\t\t\t\t\t<div id=\"elementor-tab-content-1601\" class=\"elementor-tab-content elementor-clearfix\" data-tab=\"1\" role=\"region\" aria-labelledby=\"elementor-tab-title-1601\"><p>The All Risks with Excess insurance incorporates the following coverages:<\/p>\n<p><strong>Compulsory Civil Liability.<\/strong><\/p>\n<p><strong>Liability. Voluntary up to 50 MM \u20ac. <\/strong><\/p>\n<p><strong>Legal Defense.<\/strong><\/p>\n<p><strong>Driver accident.<\/strong><\/p>\n<ul>\n<li>12,000 \u20ac death.<\/li>\n<li>18,000 \u20ac disability.<\/li>\n<li>1,800 \u20ac medical expenses in centers of free choice (limited in case of subsidized centers). <\/li>\n<\/ul>\n<p><strong>Travel assistance.<\/strong><\/p>\n<p><strong>Moons.<\/strong><\/p>\n<p><strong>All Risks with an excess of 1.200 \u20ac.<\/strong><\/p>\n<\/div>\n\t\t\t\t<\/div>\n\t\t\t\t\t\t\t\t<\/div>\n\t\t\t\t\t\t<\/div>\n\t\t\t\t<\/div>\n\t\t\t\t<div class=\"elementor-element elementor-element-de8fd02 elementor-widget elementor-widget-toggle\" data-id=\"de8fd02\" data-element_type=\"widget\" data-e-type=\"widget\" data-widget_type=\"toggle.default\">\n\t\t\t\t<div class=\"elementor-widget-container\">\n\t\t\t\t\t\t\t<div class=\"elementor-toggle\">\n\t\t\t\t\t\t\t<div class=\"elementor-toggle-item\">\n\t\t\t\t\t<div id=\"elementor-tab-title-2331\" class=\"elementor-tab-title\" data-tab=\"1\" role=\"button\" aria-controls=\"elementor-tab-content-2331\" aria-expanded=\"false\">\n\t\t\t\t\t\t\t\t\t\t\t\t<span class=\"elementor-toggle-icon elementor-toggle-icon-left\" aria-hidden=\"true\">\n\t\t\t\t\t\t\t\t\t\t\t\t\t\t\t<span class=\"elementor-toggle-icon-closed\"><i class=\"fas fa-caret-right\"><\/i><\/span>\n\t\t\t\t\t\t\t\t<span class=\"elementor-toggle-icon-opened\"><i class=\"elementor-toggle-icon-opened fas fa-caret-up\"><\/i><\/span>\n\t\t\t\t\t\t\t\t\t\t\t\t\t<\/span>\n\t\t\t\t\t\t\t\t\t\t\t\t<a class=\"elementor-toggle-title\" tabindex=\"0\">\u00bfQu\u00e9 se considera socio colaborador de Cabify?<\/a>\n\t\t\t\t\t<\/div>\n\n\t\t\t\t\t<div id=\"elementor-tab-content-2331\" class=\"elementor-tab-content elementor-clearfix\" data-tab=\"1\" role=\"region\" aria-labelledby=\"elementor-tab-title-2331\"><p><strong>Criterios de Aceptaci\u00f3n:<\/strong><\/p>\n<ul>\n<li>Contrato de colaboraci\u00f3n firmado y vigente con Cabify.<\/li>\n<li>Tener un promedio m\u00ednimo de 100 trayectos al mes en la plataforma de Cabify durante la vigencia de la p\u00f3liza en cada matr\u00edcula.<\/li>\n<\/ul>\n<\/div>\n\t\t\t\t<\/div>\n\t\t\t\t\t\t\t\t<\/div>\n\t\t\t\t\t\t<\/div>\n\t\t\t\t<\/div>\n\t\t\t\t<div class=\"elementor-element elementor-element-69cc2fa elementor-widget elementor-widget-spacer\" data-id=\"69cc2fa\" data-element_type=\"widget\" data-e-type=\"widget\" data-widget_type=\"spacer.default\">\n\t\t\t\t<div class=\"elementor-widget-container\">\n\t\t\t\t\t\t\t<div class=\"elementor-spacer\">\n\t\t\t<div class=\"elementor-spacer-inner\"><\/div>\n\t\t<\/div>\n\t\t\t\t\t\t<\/div>\n\t\t\t\t<\/div>\n\t\t\t\t\t<\/div>\n\t\t<\/div>\n\t\t\t\t\t<\/div>\n\t\t<\/section>\n\t\t\t\t<section class=\"elementor-section elementor-top-section elementor-element elementor-element-68b6ce3 elementor-section-height-min-height elementor-section-items-bottom elementor-section-content-bottom elementor-section-boxed elementor-section-height-default\" data-id=\"68b6ce3\" data-element_type=\"section\" data-e-type=\"section\" data-settings=\"{&quot;background_background&quot;:&quot;classic&quot;}\">\n\t\t\t\t\t\t<div class=\"elementor-container elementor-column-gap-default\">\n\t\t\t\t\t<div class=\"elementor-column elementor-col-100 elementor-top-column elementor-element elementor-element-059c91b\" data-id=\"059c91b\" data-element_type=\"column\" data-e-type=\"column\">\n\t\t\t<div class=\"elementor-widget-wrap elementor-element-populated\">\n\t\t\t\t\t\t<div class=\"elementor-element elementor-element-e10e011 elementor-widget__width-initial elementor-hidden-mobile elementor-invisible elementor-widget elementor-widget-spacer\" data-id=\"e10e011\" data-element_type=\"widget\" data-e-type=\"widget\" data-settings=\"{&quot;_animation&quot;:&quot;slideInLeft&quot;}\" data-widget_type=\"spacer.default\">\n\t\t\t\t<div class=\"elementor-widget-container\">\n\t\t\t\t\t\t\t<div class=\"elementor-spacer\">\n\t\t\t<div class=\"elementor-spacer-inner\"><\/div>\n\t\t<\/div>\n\t\t\t\t\t\t<\/div>\n\t\t\t\t<\/div>\n\t\t\t\t\t<\/div>\n\t\t<\/div>\n\t\t\t\t\t<\/div>\n\t\t<\/section>\n\t\t\t\t<section class=\"elementor-section elementor-top-section elementor-element elementor-element-4763302 elementor-section-boxed elementor-section-height-default elementor-section-height-default\" data-id=\"4763302\" data-element_type=\"section\" data-e-type=\"section\">\n\t\t\t\t\t\t<div class=\"elementor-container elementor-column-gap-default\">\n\t\t\t\t\t<div class=\"elementor-column elementor-col-100 elementor-top-column elementor-element elementor-element-34e1981\" data-id=\"34e1981\" data-element_type=\"column\" data-e-type=\"column\">\n\t\t\t<div class=\"elementor-widget-wrap elementor-element-populated\">\n\t\t\t\t\t\t<div class=\"elementor-element elementor-element-409b796 elementor-widget elementor-widget-spacer\" data-id=\"409b796\" data-element_type=\"widget\" data-e-type=\"widget\" data-widget_type=\"spacer.default\">\n\t\t\t\t<div class=\"elementor-widget-container\">\n\t\t\t\t\t\t\t<div class=\"elementor-spacer\">\n\t\t\t<div class=\"elementor-spacer-inner\"><\/div>\n\t\t<\/div>\n\t\t\t\t\t\t<\/div>\n\t\t\t\t<\/div>\n\t\t\t\t<div class=\"elementor-element elementor-element-3054d4e elementor-widget elementor-widget-heading\" data-id=\"3054d4e\" data-element_type=\"widget\" data-e-type=\"widget\" data-widget_type=\"heading.default\">\n\t\t\t\t<div class=\"elementor-widget-container\">\n\t\t\t\t\t<h2 class=\"elementor-heading-title elementor-size-default\">Why trust Peris for your Cabify insurance?<\/h2>\t\t\t\t<\/div>\n\t\t\t\t<\/div>\n\t\t\t\t<div class=\"elementor-element elementor-element-2fbed09 elementor-widget elementor-widget-text-editor\" data-id=\"2fbed09\" data-element_type=\"widget\" data-e-type=\"widget\" data-widget_type=\"text-editor.default\">\n\t\t\t\t<div class=\"elementor-widget-container\">\n\t\t\t\t\t\t\t\t\t<p data-start=\"171\" data-end=\"440\">At <strong data-start=\"174\" data-end=\"205\">Peris Corredur\u00eda de Seguros<\/strong>, we have been protecting drivers and companies with customized insurance solutions for more than <strong data-start=\"223\" data-end=\"234\">50 years<\/strong>. As specialists in the sector, we work with the main companies to offer you the <strong data-start=\"402\" data-end=\"437\">best coverage at the best price<\/strong>. <\/p>\n<p data-start=\"442\" data-end=\"578\">Our mission is clear: to <strong data-start=\"467\" data-end=\"525\">guarantee your safety and peace of mind on the road<\/strong>, with policies designed for professionals like you.<\/p>\n<h3 data-start=\"580\" data-end=\"615\"><strong data-start=\"584\" data-end=\"613\">What sets us apart:<\/strong><\/h3>\n<ul>\n<li><strong data-start=\"618\" data-end=\"652\">Experience and specialization:<\/strong> More than half a century offering insurance tailored to each client.<\/li>\n<li><strong data-start=\"721\" data-end=\"753\">Personalized advice:<\/strong> We don&#8217;t sell insurance, we find <strong data-start=\"787\" data-end=\"814\">the best insurance for you<\/strong>.<\/li>\n<li><strong data-start=\"820\" data-end=\"847\">Exclusive conditions:<\/strong> Thanks to our alliance with <strong data-start=\"878\" data-end=\"906\">Cabify and Mutua Madrile\u00f1a<\/strong>, you have access to a unique insurance in the market.<\/li>\n<li><strong data-start=\"953\" data-end=\"991\">Fast and hassle-free management:<\/strong> Take out your insurance <strong data-start=\"1011\" data-end=\"1042\">quickly, easily and 100% online<\/strong>.<\/li>\n<li><strong data-start=\"1048\" data-end=\"1073\">Professional attention:<\/strong> Our team of experts accompanies you every step of the way, from contracting to claims management.<\/li>\n<\/ul>\n<p data-start=\"1184\" data-end=\"1304\">\n<p data-start=\"1184\" data-end=\"1304\"><strong data-start=\"1187\" data-end=\"1302\">Drive with the peace of mind of being in the best hands. Choose Peris, the insurance that protects you on every trip. <\/strong><\/p>\n\t\t\t\t\t\t\t\t<\/div>\n\t\t\t\t<\/div>\n\t\t\t\t<div class=\"elementor-element elementor-element-d308173 elementor-align-center elementor-widget elementor-widget-button\" data-id=\"d308173\" data-element_type=\"widget\" data-e-type=\"widget\" data-widget_type=\"button.default\">\n\t\t\t\t<div class=\"elementor-widget-container\">\n\t\t\t\t\t\t\t\t\t<div class=\"elementor-button-wrapper\">\n\t\t\t\t\t<a class=\"elementor-button elementor-button-link elementor-size-sm\" href=\"https:\/\/www.peris.es\/en\/about-peris\/\" target=\"_blank\">\n\t\t\t\t\t\t<span class=\"elementor-button-content-wrapper\">\n\t\t\t\t\t\t\t\t\t<span class=\"elementor-button-text\">Find out more about PERIS<\/span>\n\t\t\t\t\t<\/span>\n\t\t\t\t\t<\/a>\n\t\t\t\t<\/div>\n\t\t\t\t\t\t\t\t<\/div>\n\t\t\t\t<\/div>\n\t\t\t\t<div class=\"elementor-element elementor-element-34b42ec elementor-widget elementor-widget-spacer\" data-id=\"34b42ec\" data-element_type=\"widget\" data-e-type=\"widget\" data-widget_type=\"spacer.default\">\n\t\t\t\t<div class=\"elementor-widget-container\">\n\t\t\t\t\t\t\t<div class=\"elementor-spacer\">\n\t\t\t<div class=\"elementor-spacer-inner\"><\/div>\n\t\t<\/div>\n\t\t\t\t\t\t<\/div>\n\t\t\t\t<\/div>\n\t\t\t\t<div class=\"elementor-element elementor-element-326335a elementor-widget elementor-widget-heading\" data-id=\"326335a\" data-element_type=\"widget\" data-e-type=\"widget\" data-widget_type=\"heading.default\">\n\t\t\t\t<div class=\"elementor-widget-container\">\n\t\t\t\t\t<h2 class=\"elementor-heading-title elementor-size-default\">Client reviews and ratings<\/h2>\t\t\t\t<\/div>\n\t\t\t\t<\/div>\n\t\t\t\t<div class=\"elementor-element elementor-element-491f15f elementor-widget elementor-widget-html\" data-id=\"491f15f\" data-element_type=\"widget\" data-e-type=\"widget\" data-widget_type=\"html.default\">\n\t\t\t\t<div class=\"elementor-widget-container\">\n\t\t\t\t\t<div id=\"widget-container\" class=\"ekomi-widget-container ekomi-widget-sf152277649c0e5ddc66b\"><\/div> <a href=\"https:\/\/www.ekomi.es\/testimonios-peris.html\" target=\"_blank\"><img decoding=\"async\" alt=\"Peris Corredur\u00eda de Seguros Reviews with ekomi.es\" src=\"https:\/\/smart-widget-assets.ekomiapps.de\/resources\/ekomi_logo.png\" style=\"display: none;\"><\/a> <script type=\"text\/javascript\"> function registerWidget (w, token) { w['_ekomiWidgetsServerUrl'] = 'https:\/\/widgets.ekomi.com'; w['_customerId'] = 152277; if (w['_language'] == undefined) { w['_language'] = new Array(); } w['_language'][token] = 'auto'; if(typeof(w['_ekomiWidgetTokens']) !== 'undefined'){ w['_ekomiWidgetTokens'][w['_ekomiWidgetTokens'].length] = token; } else { w['_ekomiWidgetTokens'] = new Array(token); } if(typeof(ekomiWidgetJs) == 'undefined') { ekomiWidgetJs = true; var scr = document.createElement('script');scr.src = 'https:\/\/sw-assets.ekomiapps.de\/static_resources\/widget.js'; var head = document.getElementsByTagName('head')[0];head.appendChild(scr); } else {if (typeof ekomiWidgetMain != 'undefined') {ekomiWidgetMain('ajax', token);}} return true; } (function (w) { var token = 'sf152277649c0e5ddc66b'; var k = document.getElementsByClassName(\"ekomi-widget-\" + token); for(var x=0;x<k.length;x++){ registerWidget(w,token); } })(window); <\/script>\t\t\t\t<\/div>\n\t\t\t\t<\/div>\n\t\t\t\t\t<\/div>\n\t\t<\/div>\n\t\t\t\t\t<\/div>\n\t\t<\/section>\n\t\t\t\t<\/div>\n\t\t","protected":false},"excerpt":{"rendered":"<p>Cabify Partner Insurance An exclusive offer for policyholders with less than 10 policies in force and declared driver. Calculate your insurance now Comprehensive Insurance for Cabify Collaborating Partners Fully Comprehensive Insurance with Excess with the support of Mutua for Cabify Collaborating Partners. From 2.752 \u20ac per year! At Peris Corredur\u00eda de Seguros, in collaboration with [&hellip;]<\/p>\n","protected":false},"author":1,"featured_media":0,"parent":2640,"menu_order":0,"comment_status":"closed","ping_status":"closed","template":"","meta":{"footnotes":""},"class_list":["post-2833","page","type-page","status-publish","hentry"],"_links":{"self":[{"href":"https:\/\/www.peris.es\/en\/wp-json\/wp\/v2\/pages\/2833","targetHints":{"allow":["GET"]}}],"collection":[{"href":"https:\/\/www.peris.es\/en\/wp-json\/wp\/v2\/pages"}],"about":[{"href":"https:\/\/www.peris.es\/en\/wp-json\/wp\/v2\/types\/page"}],"author":[{"embeddable":true,"href":"https:\/\/www.peris.es\/en\/wp-json\/wp\/v2\/users\/1"}],"replies":[{"embeddable":true,"href":"https:\/\/www.peris.es\/en\/wp-json\/wp\/v2\/comments?post=2833"}],"version-history":[{"count":0,"href":"https:\/\/www.peris.es\/en\/wp-json\/wp\/v2\/pages\/2833\/revisions"}],"up":[{"embeddable":true,"href":"https:\/\/www.peris.es\/en\/wp-json\/wp\/v2\/pages\/2640"}],"wp:attachment":[{"href":"https:\/\/www.peris.es\/en\/wp-json\/wp\/v2\/media?parent=2833"}],"curies":[{"name":"wp","href":"https:\/\/api.w.org\/{rel}","templated":true}]}}