{"id":2943,"date":"2025-06-16T15:02:28","date_gmt":"2025-06-16T13:02:28","guid":{"rendered":"https:\/\/www.peris.es\/?page_id=2943"},"modified":"2025-06-16T15:07:33","modified_gmt":"2025-06-16T13:07:33","slug":"accident-insurance","status":"publish","type":"page","link":"https:\/\/www.peris.es\/en\/individual-clients\/other-insurance-options\/accident-insurance\/","title":{"rendered":"Accident insurance"},"content":{"rendered":"\t\t<div data-elementor-type=\"wp-page\" data-elementor-id=\"2943\" class=\"elementor elementor-2943 elementor-2942\" data-elementor-post-type=\"page\">\n\t\t\t\t\t\t<section class=\"elementor-section elementor-top-section elementor-element elementor-element-4127d6b elementor-section-height-min-height elementor-section-content-middle elementor-section-boxed elementor-section-height-default elementor-section-items-middle\" data-id=\"4127d6b\" data-element_type=\"section\" data-e-type=\"section\" data-settings=\"{&quot;background_background&quot;:&quot;classic&quot;}\">\n\t\t\t\t\t\t\t<div class=\"elementor-background-overlay\"><\/div>\n\t\t\t\t\t\t\t<div class=\"elementor-container elementor-column-gap-default\">\n\t\t\t\t\t<div class=\"elementor-column elementor-col-100 elementor-top-column elementor-element elementor-element-4ab47ae\" data-id=\"4ab47ae\" data-element_type=\"column\" data-e-type=\"column\">\n\t\t\t<div class=\"elementor-widget-wrap\">\n\t\t\t\t\t\t\t<\/div>\n\t\t<\/div>\n\t\t\t\t\t<\/div>\n\t\t<\/section>\n\t\t\t\t<section class=\"elementor-section elementor-top-section elementor-element elementor-element-fdf2ed9 elementor-section-boxed elementor-section-height-default elementor-section-height-default\" data-id=\"fdf2ed9\" data-element_type=\"section\" data-e-type=\"section\">\n\t\t\t\t\t\t<div class=\"elementor-container elementor-column-gap-default\">\n\t\t\t\t\t<div class=\"elementor-column elementor-col-100 elementor-top-column elementor-element elementor-element-9cd8a7b\" data-id=\"9cd8a7b\" data-element_type=\"column\" data-e-type=\"column\" data-settings=\"{&quot;background_background&quot;:&quot;classic&quot;}\">\n\t\t\t<div class=\"elementor-widget-wrap elementor-element-populated\">\n\t\t\t\t\t\t<div class=\"elementor-element elementor-element-26a6a48 elementor-widget elementor-widget-heading\" data-id=\"26a6a48\" data-element_type=\"widget\" data-e-type=\"widget\" data-widget_type=\"heading.default\">\n\t\t\t\t<div class=\"elementor-widget-container\">\n\t\t\t\t\t<h1 class=\"elementor-heading-title elementor-size-default\">Seguros para aut\u00f3nomos: la tranquilidad que impulsa tu actividad diaria<\/h1>\t\t\t\t<\/div>\n\t\t\t\t<\/div>\n\t\t\t\t<div class=\"elementor-element elementor-element-77a1a79 elementor-widget elementor-widget-text-editor\" data-id=\"77a1a79\" data-element_type=\"widget\" data-e-type=\"widget\" data-widget_type=\"text-editor.default\">\n\t\t\t\t<div class=\"elementor-widget-container\">\n\t\t\t\t\t\t\t\t\t<p>Ser aut\u00f3nomo implica asumir riesgos diarios que pueden afectar tu salud, tus herramientas de trabajo o tu responsabilidad profesional. En <strong>Peris<\/strong>, entendemos las necesidades espec\u00edficas de los <strong>trabajadores por cuenta propia<\/strong> y ofrecemos seguros personalizados para que puedas ejercer tu actividad con total tranquilidad.<\/p>\t\t\t\t\t\t\t\t<\/div>\n\t\t\t\t<\/div>\n\t\t\t\t<div class=\"elementor-element elementor-element-62c834b elementor-align-center elementor-widget elementor-widget-button\" data-id=\"62c834b\" data-element_type=\"widget\" data-e-type=\"widget\" data-widget_type=\"button.default\">\n\t\t\t\t<div class=\"elementor-widget-container\">\n\t\t\t\t\t\t\t\t\t<div class=\"elementor-button-wrapper\">\n\t\t\t\t\t<a class=\"elementor-button elementor-button-link elementor-size-sm\" href=\"https:\/\/www.peris.es\/en\/sectors\/\">\n\t\t\t\t\t\t<span class=\"elementor-button-content-wrapper\">\n\t\t\t\t\t\t\t\t\t<span class=\"elementor-button-text\">Cotiza tu seguro de aut\u00f3nomo<\/span>\n\t\t\t\t\t<\/span>\n\t\t\t\t\t<\/a>\n\t\t\t\t<\/div>\n\t\t\t\t\t\t\t\t<\/div>\n\t\t\t\t<\/div>\n\t\t\t\t\t<\/div>\n\t\t<\/div>\n\t\t\t\t\t<\/div>\n\t\t<\/section>\n\t\t\t\t<section class=\"elementor-section elementor-top-section elementor-element elementor-element-70d07bc elementor-section-boxed elementor-section-height-default elementor-section-height-default\" data-id=\"70d07bc\" data-element_type=\"section\" data-e-type=\"section\" data-settings=\"{&quot;background_background&quot;:&quot;classic&quot;}\">\n\t\t\t\t\t\t<div class=\"elementor-container elementor-column-gap-default\">\n\t\t\t\t\t<div class=\"elementor-column elementor-col-100 elementor-top-column elementor-element elementor-element-d78521f\" data-id=\"d78521f\" data-element_type=\"column\" data-e-type=\"column\">\n\t\t\t<div class=\"elementor-widget-wrap elementor-element-populated\">\n\t\t\t\t\t\t<div class=\"elementor-element elementor-element-a07fa74 elementor-widget elementor-widget-text-editor\" data-id=\"a07fa74\" data-element_type=\"widget\" data-e-type=\"widget\" data-widget_type=\"text-editor.default\">\n\t\t\t\t<div class=\"elementor-widget-container\">\n\t\t\t\t\t\t\t\t\t<h2>\u00bfQu\u00e9 seguro necesita un aut\u00f3nomo?<\/h2>\n<p>Un <strong>seguro para aut\u00f3nomos<\/strong> debe cubrir mucho m\u00e1s que un accidente. Debe proteger tu actividad profesional, tus ingresos y tu reputaci\u00f3n. Seg\u00fan tu sector, podr\u00edas necesitar desde una p\u00f3liza de <em>responsabilidad civil profesional<\/em> hasta un <em>ciberseguro<\/em> o un <em>seguro de salud privado<\/em>.<\/p>\n<p>Contar con el respaldo adecuado no solo te ofrece seguridad, sino tambi\u00e9n confianza ante clientes y colaboradores.<\/p>\n\n<h2>Tipos de seguros para aut\u00f3nomos<\/h2>\n\n<h3>Responsabilidad civil profesional<\/h3>\n<p>Indispensable para protegerte frente a reclamaciones por da\u00f1os a terceros derivados de tu actividad profesional. Es especialmente relevante en \u00e1reas como medicina, asesor\u00eda, dise\u00f1o, ingenier\u00eda o consultor\u00eda.<\/p>\n\n<h3>Seguro de salud privado<\/h3>\n<p>Accede a atenci\u00f3n m\u00e9dica r\u00e1pida, sin listas de espera, y garantiza tu bienestar como profesional independiente. Ideal para quienes no pueden permitirse interrupciones prolongadas en su trabajo.<\/p>\n\n<h3>Seguro de accidentes<\/h3>\n<p>Protecci\u00f3n econ\u00f3mica ante lesiones, invalidez o fallecimiento. Puedes elegir coberturas diarias por baja laboral, hospitalizaci\u00f3n y m\u00e1s.<\/p>\n\n<h3>Seguro de local o herramienta de trabajo<\/h3>\n<p>Protege tu oficina, taller o material profesional ante robo, incendios o da\u00f1os accidentales. Adaptado a tu sector y ubicaci\u00f3n.<\/p>\n\n<h3>Ciberseguro<\/h3>\n<p>Para aut\u00f3nomos digitales, freelancers o empresas unipersonales que manejan datos sensibles. Cubre p\u00e9rdidas por ciberataques, phishing, ransomware o filtraciones de datos.<\/p>\n\t\t\t\t\t\t\t\t<\/div>\n\t\t\t\t<\/div>\n\t\t\t\t\t<\/div>\n\t\t<\/div>\n\t\t\t\t\t<\/div>\n\t\t<\/section>\n\t\t\t\t<section class=\"elementor-section elementor-top-section elementor-element elementor-element-060c039 elementor-section-boxed elementor-section-height-default elementor-section-height-default\" data-id=\"060c039\" data-element_type=\"section\" data-e-type=\"section\" data-settings=\"{&quot;background_background&quot;:&quot;classic&quot;}\">\n\t\t\t\t\t\t<div class=\"elementor-container elementor-column-gap-default\">\n\t\t\t\t\t<div class=\"elementor-column elementor-col-100 elementor-top-column elementor-element elementor-element-1f8821d\" data-id=\"1f8821d\" data-element_type=\"column\" data-e-type=\"column\">\n\t\t\t<div class=\"elementor-widget-wrap elementor-element-populated\">\n\t\t\t\t\t\t<div class=\"elementor-element elementor-element-ce3d867 elementor-widget elementor-widget-heading\" data-id=\"ce3d867\" data-element_type=\"widget\" data-e-type=\"widget\" data-widget_type=\"heading.default\">\n\t\t\t\t<div class=\"elementor-widget-container\">\n\t\t\t\t\t<h2 class=\"elementor-heading-title elementor-size-default\">\u00bfPor qu\u00e9 contratar con Peris?<\/h2>\t\t\t\t<\/div>\n\t\t\t\t<\/div>\n\t\t\t\t<div class=\"elementor-element elementor-element-31c0d0e elementor-widget elementor-widget-spacer\" data-id=\"31c0d0e\" data-element_type=\"widget\" data-e-type=\"widget\" data-widget_type=\"spacer.default\">\n\t\t\t\t<div class=\"elementor-widget-container\">\n\t\t\t\t\t\t\t<div class=\"elementor-spacer\">\n\t\t\t<div class=\"elementor-spacer-inner\"><\/div>\n\t\t<\/div>\n\t\t\t\t\t\t<\/div>\n\t\t\t\t<\/div>\n\t\t\t\t<div class=\"elementor-element elementor-element-1adfa2d elementor-invisible elementor-widget elementor-widget-image\" data-id=\"1adfa2d\" data-element_type=\"widget\" data-e-type=\"widget\" data-settings=\"{&quot;_animation&quot;:&quot;slideInUp&quot;}\" data-widget_type=\"image.default\">\n\t\t\t\t<div class=\"elementor-widget-container\">\n\t\t\t\t\t\t\t\t\t\t\t\t\t\t\t<img fetchpriority=\"high\" decoding=\"async\" width=\"1280\" height=\"732\" src=\"https:\/\/www.peris.es\/wp-content\/uploads\/2025\/06\/handshake-4017258_1280.jpg\" class=\"attachment-full size-full wp-image-2933\" alt=\"corredur\u00eda de seguros\" srcset=\"https:\/\/www.peris.es\/wp-content\/uploads\/2025\/06\/handshake-4017258_1280.jpg 1280w, https:\/\/www.peris.es\/wp-content\/uploads\/2025\/06\/handshake-4017258_1280-300x172.jpg 300w, https:\/\/www.peris.es\/wp-content\/uploads\/2025\/06\/handshake-4017258_1280-1024x586.jpg 1024w, https:\/\/www.peris.es\/wp-content\/uploads\/2025\/06\/handshake-4017258_1280-768x439.jpg 768w\" sizes=\"(max-width: 1280px) 100vw, 1280px\" \/>\t\t\t\t\t\t\t\t\t\t\t\t\t\t\t<\/div>\n\t\t\t\t<\/div>\n\t\t\t\t<div class=\"elementor-element elementor-element-f5c9020 elementor-widget elementor-widget-heading\" data-id=\"f5c9020\" data-element_type=\"widget\" data-e-type=\"widget\" data-widget_type=\"heading.default\">\n\t\t\t\t<div class=\"elementor-widget-container\">\n\t\t\t\t\t<h3 class=\"elementor-heading-title elementor-size-default\">En el contrato pueden establecerse los siguientes tipos de cobertura:<\/h3>\t\t\t\t<\/div>\n\t\t\t\t<\/div>\n\t\t\t\t<div class=\"elementor-element elementor-element-3aeb18e elementor-icon-list--layout-traditional elementor-list-item-link-full_width elementor-widget elementor-widget-icon-list\" data-id=\"3aeb18e\" data-element_type=\"widget\" data-e-type=\"widget\" data-widget_type=\"icon-list.default\">\n\t\t\t\t<div class=\"elementor-widget-container\">\n\t\t\t\t\t\t\t<ul class=\"elementor-icon-list-items\">\n\t\t\t\t\t\t\t<li class=\"elementor-icon-list-item\">\n\t\t\t\t\t\t\t\t\t\t\t<span class=\"elementor-icon-list-icon\">\n\t\t\t\t\t\t\t<i aria-hidden=\"true\" class=\"fas fa-check\"><\/i>\t\t\t\t\t\t<\/span>\n\t\t\t\t\t\t\t\t\t\t<span class=\"elementor-icon-list-text\">Asesoramiento personalizado seg\u00fan tu sector y nivel de riesgo.&lt;\/<\/span>\n\t\t\t\t\t\t\t\t\t<\/li>\n\t\t\t\t\t\t\t\t<li class=\"elementor-icon-list-item\">\n\t\t\t\t\t\t\t\t\t\t\t<span class=\"elementor-icon-list-icon\">\n\t\t\t\t\t\t\t<i aria-hidden=\"true\" class=\"fas fa-check\"><\/i>\t\t\t\t\t\t<\/span>\n\t\t\t\t\t\t\t\t\t\t<span class=\"elementor-icon-list-text\">Soluciones flexibles y combinables: solo pagas por lo que necesitas.<\/span>\n\t\t\t\t\t\t\t\t\t<\/li>\n\t\t\t\t\t\t\t\t<li class=\"elementor-icon-list-item\">\n\t\t\t\t\t\t\t\t\t\t\t<span class=\"elementor-icon-list-icon\">\n\t\t\t\t\t\t\t<i aria-hidden=\"true\" class=\"fas fa-check\"><\/i>\t\t\t\t\t\t<\/span>\n\t\t\t\t\t\t\t\t\t\t<span class=\"elementor-icon-list-text\">Proceso de contrataci\u00f3n 100% online, r\u00e1pido y sin complicaciones.&lt;\/<\/span>\n\t\t\t\t\t\t\t\t\t<\/li>\n\t\t\t\t\t\t\t\t<li class=\"elementor-icon-list-item\">\n\t\t\t\t\t\t\t\t\t\t\t<span class=\"elementor-icon-list-icon\">\n\t\t\t\t\t\t\t<i aria-hidden=\"true\" class=\"fas fa-check\"><\/i>\t\t\t\t\t\t<\/span>\n\t\t\t\t\t\t\t\t\t\t<span class=\"elementor-icon-list-text\">Atenci\u00f3n especializada para profesionales en toda Espa\u00f1a.&lt;\/<\/span>\n\t\t\t\t\t\t\t\t\t<\/li>\n\t\t\t\t\t\t<\/ul>\n\t\t\t\t\t\t<\/div>\n\t\t\t\t<\/div>\n\t\t\t\t<div class=\"elementor-element elementor-element-fe72129 elementor-widget elementor-widget-text-editor\" data-id=\"fe72129\" data-element_type=\"widget\" data-e-type=\"widget\" data-widget_type=\"text-editor.default\">\n\t\t\t\t<div class=\"elementor-widget-container\">\n\t\t\t\t\t\t\t\t\t<h2>Especialistas en aut\u00f3nomos y freelancers<\/h2><p>En Peris trabajamos cada d\u00eda con <strong>profesionales independientes<\/strong> del marketing, la sanidad, el transporte, la programaci\u00f3n, el dise\u00f1o y muchos m\u00e1s sectores. Entendemos los retos de ser tu propio jefe, y por eso ofrecemos seguros que se adaptan a ti, no al rev\u00e9s.<\/p><h2>Protege tu actividad como aut\u00f3nomo hoy<\/h2><p>No pongas en riesgo lo que tanto te cuesta construir. <strong>Solicita tu seguro para aut\u00f3nomos con Peris<\/strong> y trabaja con la tranquilidad de estar respaldado por expertos.<\/p><p>\ud83d\udc49 <a href=\"#cotizador\">Cotiza tu seguro ahora<\/a> o <a href=\"#asesoramiento\">habla con un asesor<\/a><\/p>\t\t\t\t\t\t\t\t<\/div>\n\t\t\t\t<\/div>\n\t\t\t\t<div class=\"elementor-element elementor-element-b3ee600 elementor-widget elementor-widget-html\" data-id=\"b3ee600\" data-element_type=\"widget\" data-e-type=\"widget\" data-widget_type=\"html.default\">\n\t\t\t\t<div class=\"elementor-widget-container\">\n\t\t\t\t\t<script type=\"application\/ld+json\">\r\n{\r\n  \"@context\": \"https:\/\/schema.org\",\r\n  \"@type\": \"FAQPage\",\r\n  \"mainEntity\": [\r\n    {\r\n      \"@type\": \"Question\",\r\n      \"name\": \"\u00bfQu\u00e9 seguros necesita un aut\u00f3nomo?\",\r\n      \"acceptedAnswer\": {\r\n        \"@type\": \"Answer\",\r\n        \"text\": \"Los m\u00e1s comunes son: responsabilidad civil profesional, salud privada, accidentes, seguro de local o herramienta de trabajo, y ciberseguro. La combinaci\u00f3n ideal depende del tipo de actividad.\"\r\n      }\r\n    },\r\n    {\r\n      \"@type\": \"Question\",\r\n      \"name\": \"\u00bfPuedo contratar un seguro como aut\u00f3nomo de forma online?\",\r\n      \"acceptedAnswer\": {\r\n        \"@type\": \"Answer\",\r\n        \"text\": \"S\u00ed. En Peris puedes cotizar y contratar tu seguro 100% online, con asesoramiento profesional y personalizado.\"\r\n      }\r\n    },\r\n    {\r\n      \"@type\": \"Question\",\r\n      \"name\": \"\u00bfQu\u00e9 ventajas ofrece un seguro con Peris para aut\u00f3nomos?\",\r\n      \"acceptedAnswer\": {\r\n        \"@type\": \"Answer\",\r\n        \"text\": \"Asesoramiento especializado, productos a medida, contrataci\u00f3n flexible y atenci\u00f3n personalizada en toda Espa\u00f1a.\"\r\n      }\r\n    }\r\n  ]\r\n}\r\n<\/script>\r\n\t\t\t\t<\/div>\n\t\t\t\t<\/div>\n\t\t\t\t\t<\/div>\n\t\t<\/div>\n\t\t\t\t\t<\/div>\n\t\t<\/section>\n\t\t\t\t<section class=\"elementor-section elementor-top-section elementor-element elementor-element-a14203e elementor-section-boxed elementor-section-height-default elementor-section-height-default\" data-id=\"a14203e\" data-element_type=\"section\" data-e-type=\"section\">\n\t\t\t\t\t\t<div class=\"elementor-container elementor-column-gap-default\">\n\t\t\t\t\t<div class=\"elementor-column elementor-col-100 elementor-top-column elementor-element elementor-element-f65c273\" data-id=\"f65c273\" data-element_type=\"column\" data-e-type=\"column\">\n\t\t\t<div class=\"elementor-widget-wrap elementor-element-populated\">\n\t\t\t\t\t\t<div class=\"elementor-element elementor-element-d8ccd31 elementor-widget elementor-widget-heading\" data-id=\"d8ccd31\" data-element_type=\"widget\" data-e-type=\"widget\" data-widget_type=\"heading.default\">\n\t\t\t\t<div class=\"elementor-widget-container\">\n\t\t\t\t\t<h2 class=\"elementor-heading-title elementor-size-default\">\u00bfNecesitas m\u00e1s informaci\u00f3n o realizar cualquier consulta?<\/h2>\t\t\t\t<\/div>\n\t\t\t\t<\/div>\n\t\t\t\t<div class=\"elementor-element elementor-element-997c0f9 elementor-widget elementor-widget-spacer\" data-id=\"997c0f9\" data-element_type=\"widget\" data-e-type=\"widget\" data-widget_type=\"spacer.default\">\n\t\t\t\t<div class=\"elementor-widget-container\">\n\t\t\t\t\t\t\t<div class=\"elementor-spacer\">\n\t\t\t<div class=\"elementor-spacer-inner\"><\/div>\n\t\t<\/div>\n\t\t\t\t\t\t<\/div>\n\t\t\t\t<\/div>\n\t\t\t\t<div class=\"elementor-element elementor-element-177cc07 elementor-align-center elementor-widget elementor-widget-button\" data-id=\"177cc07\" data-element_type=\"widget\" data-e-type=\"widget\" data-widget_type=\"button.default\">\n\t\t\t\t<div class=\"elementor-widget-container\">\n\t\t\t\t\t\t\t\t\t<div class=\"elementor-button-wrapper\">\n\t\t\t\t\t<a class=\"elementor-button elementor-button-link elementor-size-sm\" href=\"https:\/\/www.peris.es\/en\/contact\/\">\n\t\t\t\t\t\t<span class=\"elementor-button-content-wrapper\">\n\t\t\t\t\t\t\t\t\t<span class=\"elementor-button-text\">Ponte en contacto con nosotros<\/span>\n\t\t\t\t\t<\/span>\n\t\t\t\t\t<\/a>\n\t\t\t\t<\/div>\n\t\t\t\t\t\t\t\t<\/div>\n\t\t\t\t<\/div>\n\t\t\t\t\t<\/div>\n\t\t<\/div>\n\t\t\t\t\t<\/div>\n\t\t<\/section>\n\t\t\t\t<\/div>\n\t\t","protected":false},"excerpt":{"rendered":"<p>Seguros para aut\u00f3nomos: la tranquilidad que impulsa tu actividad diaria Ser aut\u00f3nomo implica asumir riesgos diarios que pueden afectar tu salud, tus herramientas de trabajo o tu responsabilidad profesional. En Peris, entendemos las necesidades espec\u00edficas de los trabajadores por cuenta propia y ofrecemos seguros personalizados para que puedas ejercer tu actividad con total tranquilidad. Cotiza [&hellip;]<\/p>\n","protected":false},"author":3,"featured_media":0,"parent":2690,"menu_order":0,"comment_status":"closed","ping_status":"closed","template":"elementor_header_footer","meta":{"footnotes":""},"class_list":["post-2943","page","type-page","status-publish","hentry"],"_links":{"self":[{"href":"https:\/\/www.peris.es\/en\/wp-json\/wp\/v2\/pages\/2943","targetHints":{"allow":["GET"]}}],"collection":[{"href":"https:\/\/www.peris.es\/en\/wp-json\/wp\/v2\/pages"}],"about":[{"href":"https:\/\/www.peris.es\/en\/wp-json\/wp\/v2\/types\/page"}],"author":[{"embeddable":true,"href":"https:\/\/www.peris.es\/en\/wp-json\/wp\/v2\/users\/3"}],"replies":[{"embeddable":true,"href":"https:\/\/www.peris.es\/en\/wp-json\/wp\/v2\/comments?post=2943"}],"version-history":[{"count":0,"href":"https:\/\/www.peris.es\/en\/wp-json\/wp\/v2\/pages\/2943\/revisions"}],"up":[{"embeddable":true,"href":"https:\/\/www.peris.es\/en\/wp-json\/wp\/v2\/pages\/2690"}],"wp:attachment":[{"href":"https:\/\/www.peris.es\/en\/wp-json\/wp\/v2\/media?parent=2943"}],"curies":[{"name":"wp","href":"https:\/\/api.w.org\/{rel}","templated":true}]}}